{"id":221,"date":"2016-06-27T19:23:28","date_gmt":"2016-06-28T00:23:28","guid":{"rendered":"http:\/\/globalpostintl.ca\/?page_id=221"},"modified":"2016-08-23T09:21:24","modified_gmt":"2016-08-23T14:21:24","slug":"news","status":"publish","type":"page","link":"http:\/\/globalpostintl.ca\/fr\/news\/","title":{"rendered":"\u00c9v\u00e9nements r\u00e9cents"},"content":{"rendered":"","protected":false},"excerpt":{"rendered":"","protected":false},"author":2,"featured_media":0,"parent":0,"menu_order":0,"comment_status":"closed","ping_status":"closed","template":"","meta":{"footnotes":""},"class_list":["post-221","page","type-page","status-publish","hentry"],"_links":{"self":[{"href":"http:\/\/globalpostintl.ca\/fr\/wp-json\/wp\/v2\/pages\/221","targetHints":{"allow":["GET"]}}],"collection":[{"href":"http:\/\/globalpostintl.ca\/fr\/wp-json\/wp\/v2\/pages"}],"about":[{"href":"http:\/\/globalpostintl.ca\/fr\/wp-json\/wp\/v2\/types\/page"}],"author":[{"embeddable":true,"href":"http:\/\/globalpostintl.ca\/fr\/wp-json\/wp\/v2\/users\/2"}],"replies":[{"embeddable":true,"href":"http:\/\/globalpostintl.ca\/fr\/wp-json\/wp\/v2\/comments?post=221"}],"version-history":[{"count":5,"href":"http:\/\/globalpostintl.ca\/fr\/wp-json\/wp\/v2\/pages\/221\/revisions"}],"predecessor-version":[{"id":864,"href":"http:\/\/globalpostintl.ca\/fr\/wp-json\/wp\/v2\/pages\/221\/revisions\/864"}],"wp:attachment":[{"href":"http:\/\/globalpostintl.ca\/fr\/wp-json\/wp\/v2\/media?parent=221"}],"curies":[{"name":"wp","href":"https:\/\/api.w.org\/{rel}","templated":true}]}}