{"id":922,"date":"2016-08-23T13:37:41","date_gmt":"2016-08-23T18:37:41","guid":{"rendered":"http:\/\/globalpostintl.ca\/?page_id=922"},"modified":"2016-08-23T15:06:57","modified_gmt":"2016-08-23T20:06:57","slug":"sitemap","status":"publish","type":"page","link":"http:\/\/globalpostintl.ca\/fr\/sitemap\/","title":{"rendered":"Plan de site"},"content":{"rendered":"<div class=\"row clearfix\">\n<div class=\"box two \">\n<h2>Navigation principale<\/h2>\n<ul class=\"sitemap\">\n<li><a href=\"http:\/\/globalpostintl.ca\/\">Accueil<\/a><\/li>\n<li><a href=\"http:\/\/globalpostintl.ca\/about-us\/\">Qui sommes-nous?<\/a><\/li>\n<li><a href=\"http:\/\/globalpostintl.ca\/about-us\/our-clients\/\">Clients<\/a><\/li>\n<li><a href=\"http:\/\/globalpostintl.ca\/about-us\/partners\/\">Partenariat<\/a><\/li>\n<li><a href=\"http:\/\/globalpostintl.ca\/our-team\/\">Notre \u00e9quipe<\/a><\/li>\n<li><a href=\"http:\/\/globalpostintl.ca\/products\/\">Produits<\/a><\/li>\n<li><a href=\"http:\/\/globalpostintl.ca\/projects\/\">Projets r\u00e9cents<\/a><\/li>\n<li><a href=\"http:\/\/globalpostintl.ca\/testimonials\/\">T\u00e9moignages<\/a><\/li>\n<li><a href=\"http:\/\/globalpostintl.ca\/news\/\">\u00c9v\u00e9nements r\u00e9cents<\/a><\/li>\n<li><a href=\"http:\/\/globalpostintl.ca\/contact-us\/\">Coordonn\u00e9es<\/a><\/li>\n<li><a href=\"http:\/\/globalpostintl.ca\/sitemap\/\">Plan de site<\/a><\/li>\n<\/ul>\n<h2>Cat\u00e9gories<\/h2>\n<ul class=\"sitemap\">\n<li><a href=\"http:\/\/globalpostintl.ca\/product-showcase\/01-postal-boxes\/\">Bo\u00eetes Postales<\/a><\/li>\n<li><a href=\"http:\/\/globalpostintl.ca\/product-showcase\/02-container-post-offices\/\">Bureaux de Poste \u00e0 Conteneurs<\/a><\/li>\n<li><a href=\"http:\/\/globalpostintl.ca\/product-showcase\/03-mail-bags\/\">Sacs postaux<\/a><\/li>\n<li><a href=\"http:\/\/globalpostintl.ca\/product-showcase\/04-ems-envelopes\/\">Enveloppes EMS<\/a><\/li>\n<li><a href=\"http:\/\/globalpostintl.ca\/product-showcase\/05-plastic-seals\/\">Scelles en Plastique<\/a><\/li>\n<li><a href=\"http:\/\/globalpostintl.ca\/product-showcase\/06-metal-date-stamps\/\">Timbre \u00e0 date<\/a><\/li>\n<li><a href=\"http:\/\/globalpostintl.ca\/product-showcase\/061-stamp-cancelling-machine\/\">Machines \u00e0 oblit\u00e9rer<\/a><\/li>\n<li><a href=\"http:\/\/globalpostintl.ca\/product-showcase\/07-airway-tags\/\">Etiquette Aerienne<\/a><\/li>\n<li><a href=\"http:\/\/globalpostintl.ca\/product-showcase\/08-airway-bills\/\">Connaissements Aerienne<\/a><\/li>\n<li><a href=\"http:\/\/globalpostintl.ca\/product-showcase\/09-scales\/\">Balances<\/a><\/li>\n<li><a href=\"http:\/\/globalpostintl.ca\/product-showcase\/10-mail-room\/\">Salle de courrier<\/a><\/li>\n<li><a href=\"http:\/\/globalpostintl.ca\/product-showcase\/11-miscellaneous\/\">Divers<\/a><\/li>\n<\/ul>\n<h2>Projets<\/h2>\n<ul class=\"sitemap\">\n<li><a href=\"http:\/\/globalpostintl.ca\/portfolio\/togo\/\">Togo<\/a><\/li>\n<li><a href=\"http:\/\/globalpostintl.ca\/portfolio\/st-kitts\/\">\u00cele Saint-Christophe<\/a><\/li>\n<li><a href=\"http:\/\/globalpostintl.ca\/portfolio\/namibia\/\">Namibie<\/a><\/li>\n<li><a href=\"http:\/\/globalpostintl.ca\/portfolio\/barbados\/\">Barbade<\/a><\/li>\n<li><a href=\"http:\/\/globalpostintl.ca\/portfolio\/curacao\/\">Cura\u00e7ao<\/a><\/li>\n<li><a href=\"http:\/\/globalpostintl.ca\/portfolio\/jamaica\/\">Jama\u00efque<\/a><\/li>\n<\/ul>\n<\/div>\n<div class=\"box two \">\n<h2>Produits<\/h2>\n<ul class=\"sitemap\">\n<li><a href=\"http:\/\/globalpostintl.ca\/product-detail\/self-standing-front-load-pedestals-rain-shed\/\">Pi\u00e9destal \u00e0 chargement avant avec la pluie hangar<\/a><\/li>\n<li><a href=\"http:\/\/globalpostintl.ca\/product-detail\/front-load-wall-mount-15-openings-cluster\/\">Batterie Postale a chargement avant avec 15 ouvertures<\/a><\/li>\n<li><a href=\"http:\/\/globalpostintl.ca\/product-detail\/front-load-wall-mount-35-openings-cluster\/\">Batterie Postale a chargement avant avec 35 ouvertures <\/a><\/li>\n<li><a href=\"http:\/\/globalpostintl.ca\/product-detail\/letter-boxes-plastic-doors\/\">Boites Postales avec Portes en Plastique<\/a><\/li>\n<li><a href=\"http:\/\/globalpostintl.ca\/product-detail\/rear-loading-lobby-mailboxes\/\">Boites Postales Module a chargement arri\u00e8re <\/a><\/li>\n<li><a href=\"http:\/\/globalpostintl.ca\/product-detail\/self-standing-front-load-clusters\/\">Batterie de Boites Postales a chargement  avant avec 50 ouvertures<\/a><\/li>\n<li><a href=\"http:\/\/globalpostintl.ca\/product-detail\/self-standing-front-load-pedestals\/\">Pi\u00e9destal \u00e0 chargement avant avec 54 ouvertures.<\/a><\/li>\n<li><a href=\"http:\/\/globalpostintl.ca\/product-detail\/stainless-steel-front-load-clusters\/\">Batterie de boites postales en acier inoxydable avec 50 ouvertures.<\/a><\/li>\n<li><a href=\"http:\/\/globalpostintl.ca\/product-detail\/global-post-satellite-mail-box-container\/\">Bureaux de Poste \u00e0 Conteneurs<\/a><\/li>\n<li><a href=\"http:\/\/globalpostintl.ca\/product-detail\/nylon-mailbags\/\">Sacs Postaux en Nylon<\/a><\/li>\n<li><a href=\"http:\/\/globalpostintl.ca\/product-detail\/polypropylene-mailbags\/\">Sacs Postaux en Polypropyl\u00e8ne<\/a><\/li>\n<li><a href=\"http:\/\/globalpostintl.ca\/product-detail\/ems-envelope\/\">Enveloppes EMS<\/a><\/li>\n<li><a href=\"http:\/\/globalpostintl.ca\/product-detail\/plastic-seal\/\">Scelles en Plastique GP1<\/a><\/li>\n<li><a href=\"http:\/\/globalpostintl.ca\/product-detail\/plastic-seal-2\/\">Scelles en Plastique GP2<\/a><\/li>\n<li><a href=\"http:\/\/globalpostintl.ca\/product-detail\/date-stamp\/\">Timbres a Dates<\/a><\/li>\n<li><a href=\"http:\/\/globalpostintl.ca\/product-detail\/stamp-cancelling-machine\/\">Machines \u00e0 oblit\u00e9rer<\/a><\/li>\n<li><a href=\"http:\/\/globalpostintl.ca\/product-detail\/mailbag-tag\/\">Etiquette Aerienne<\/a><\/li>\n<li><a href=\"http:\/\/globalpostintl.ca\/product-detail\/airway-bill\/\">Connaissements Aerienne<\/a><\/li>\n<li><a href=\"http:\/\/globalpostintl.ca\/product-detail\/electronic-scale\/\">Balance \u00e9lectronique GP1<\/a><\/li>\n<li><a href=\"http:\/\/globalpostintl.ca\/product-detail\/electronic-scale-2\/\">Balance \u00e9lectronique GP2<\/a><\/li>\n<li><a href=\"http:\/\/globalpostintl.ca\/product-detail\/mail-cart\/\">Chariot GP1<\/a><\/li>\n<li><a href=\"http:\/\/globalpostintl.ca\/product-detail\/mail-cart-gp2\/\">Chariot GP2<\/a><\/li>\n<li><a href=\"http:\/\/globalpostintl.ca\/product-detail\/mail-cart-3\/\">Chariot GP3<\/a><\/li>\n<li><a href=\"http:\/\/globalpostintl.ca\/product-detail\/sorting-table\/\">Tables de Tri GP1<\/a><\/li>\n<li><a href=\"http:\/\/globalpostintl.ca\/product-detail\/sorting-table-gp2\/\">Tables de Tri GP2<\/a><\/li>\n<li><a href=\"http:\/\/globalpostintl.ca\/product-detail\/barcode-printer\/\">Imprimantes de codes \u00e0 barres<\/a><\/li>\n<li><a href=\"http:\/\/globalpostintl.ca\/product-detail\/barcode-scanner\/\">Scanners de codes \u00e0 barres<\/a><\/li>\n<li><a href=\"http:\/\/globalpostintl.ca\/product-detail\/barcode-scanner-2\/\">Scanners de codes \u00e0 barres<\/a><\/li>\n<li><a href=\"http:\/\/globalpostintl.ca\/product-detail\/tape\/\">Ruban de s\u00e9curit\u00e9<\/a><\/li>\n<\/ul>\n<h2>\u00c9v\u00e9nements r\u00e9cents<\/h2>\n<ul class=\"sitemap\">\n<li><a href=\"http:\/\/globalpostintl.ca\/2014\/01\/06\/cpu-meeting-bermuda-2014\/\">UPC reunion a Bermuda 2014<\/a><\/li>\n<li><a href=\"http:\/\/globalpostintl.ca\/2013\/03\/12\/cpu-meeting-basseterre-st-kitts-2013\/\">UPC r\u00e9union \u00e0 Basseterre, St Kitts 2013<\/a><\/li>\n<li><a href=\"http:\/\/globalpostintl.ca\/2013\/03\/12\/papu-meeting-arusha-tanzania-2013\/\">UPAP, \u00e0 Arusha, Tanzanie, 2013<\/a><\/li>\n<li><a href=\"http:\/\/globalpostintl.ca\/2011\/03\/12\/cpu-meeting-willemstad-curacao-2011\/\">R\u00e9union de l\u2019UPC \u00e0 Willemstad, Cura\u00e7ao, 2011 <\/a><\/li>\n<li><a href=\"http:\/\/globalpostintl.ca\/2011\/03\/12\/papu-meeting-addis-ababa-ethiopia-2011\/\">UPAP r\u00e9union \u00e0 Addis-Ababa, \u00c9thiopie, 2011<\/a><\/li>\n<\/ul>\n<\/div>\n<\/div>","protected":false},"excerpt":{"rendered":"","protected":false},"author":1,"featured_media":0,"parent":0,"menu_order":0,"comment_status":"closed","ping_status":"closed","template":"","meta":{"footnotes":""},"class_list":["post-922","page","type-page","status-publish","hentry"],"_links":{"self":[{"href":"http:\/\/globalpostintl.ca\/fr\/wp-json\/wp\/v2\/pages\/922","targetHints":{"allow":["GET"]}}],"collection":[{"href":"http:\/\/globalpostintl.ca\/fr\/wp-json\/wp\/v2\/pages"}],"about":[{"href":"http:\/\/globalpostintl.ca\/fr\/wp-json\/wp\/v2\/types\/page"}],"author":[{"embeddable":true,"href":"http:\/\/globalpostintl.ca\/fr\/wp-json\/wp\/v2\/users\/1"}],"replies":[{"embeddable":true,"href":"http:\/\/globalpostintl.ca\/fr\/wp-json\/wp\/v2\/comments?post=922"}],"version-history":[{"count":18,"href":"http:\/\/globalpostintl.ca\/fr\/wp-json\/wp\/v2\/pages\/922\/revisions"}],"predecessor-version":[{"id":941,"href":"http:\/\/globalpostintl.ca\/fr\/wp-json\/wp\/v2\/pages\/922\/revisions\/941"}],"wp:attachment":[{"href":"http:\/\/globalpostintl.ca\/fr\/wp-json\/wp\/v2\/media?parent=922"}],"curies":[{"name":"wp","href":"https:\/\/api.w.org\/{rel}","templated":true}]}}